{"id":8296,"date":"2018-07-03T07:48:34","date_gmt":"2018-07-03T07:48:34","guid":{"rendered":"http:\/\/new.johnlate.com\/?product=legacy-36-rosegold-perlon-beige"},"modified":"2018-07-03T07:48:34","modified_gmt":"2018-07-03T07:48:34","slug":"legacy-36-rosegold-perlon-beige","status":"publish","type":"product","link":"https:\/\/johnlate.com\/sv\/produkt\/legacy-36-rosegold-perlon-beige\/","title":{"rendered":"Legacy 36 Rose Gold Perlon Beige"},"content":{"rendered":"<ul>\n<li>Diameter 36mm<\/li>\n<li>Tjocklek 5.0mm<\/li>\n<li>Quartz Japan Movement<\/li>\n<li>Vattent\u00e5lig 5 ATM<\/li>\n<li>Klassiska John Late-visare<\/li>\n<li>Boett &#8211; Ros\u00e9guld<\/li>\n<li>Vit urtavla<\/li>\n<li>Perlonband 18mm &#8211; Beige<\/li>\n<li>Safirglas<\/li>\n<\/ul>\n","protected":false},"excerpt":{"rendered":"<p>John Late \u2013 Legacy Classic Rose Gold med ljus urtavla 36mm<\/p>\n<p>Legacy-serien fr\u00e5n John Late tar den sofistikerade charmen till nya h\u00f6jder. Med sin raffinerade design har denna klocka b\u00e5de klassiska och moderna accenter och har ett ultratunt perlonband. Dess ros\u00e9guld-finish och safirf\u00f6nster g\u00f6r den till den perfekta f\u00f6ljeslagaren f\u00f6r ditt dagliga liv.<\/p>\n","protected":false},"featured_media":11598,"template":"","meta":[],"product_brand":[],"product_cat":[145,155],"product_tag":[],"class_list":{"0":"post-8296","1":"product","2":"type-product","3":"status-publish","4":"has-post-thumbnail","6":"product_cat-36-perlon-collection-sv","7":"product_cat-perlon-collection-sv","9":"first","10":"instock","11":"taxable","12":"shipping-taxable","13":"purchasable","14":"product-type-simple"},"yoast_head":"<!-- This site is optimized with the Yoast SEO plugin v27.5 - https:\/\/yoast.com\/product\/yoast-seo-wordpress\/ -->\n<title>Legacy 36 Rose Gold Perlon Beige - John Late<\/title>\n<meta name=\"robots\" content=\"index, follow, max-snippet:-1, max-image-preview:large, max-video-preview:-1\" \/>\n<link rel=\"canonical\" href=\"https:\/\/johnlate.com\/sv\/produkt\/legacy-36-rosegold-perlon-beige\/\" \/>\n<meta property=\"og:locale\" content=\"sv_SE\" \/>\n<meta property=\"og:type\" content=\"article\" \/>\n<meta property=\"og:title\" content=\"Legacy 36 Rose Gold Perlon Beige - John Late\" \/>\n<meta property=\"og:description\" content=\"John Late \u2013 Legacy Classic Rose Gold med ljus urtavla 36mm  Legacy-serien fr\u00e5n John Late tar den sofistikerade charmen till nya h\u00f6jder. Med sin raffinerade design har denna klocka b\u00e5de klassiska och moderna accenter och har ett ultratunt perlonband. Dess ros\u00e9guld-finish och safirf\u00f6nster g\u00f6r den till den perfekta f\u00f6ljeslagaren f\u00f6r ditt dagliga liv.\" \/>\n<meta property=\"og:url\" content=\"https:\/\/johnlate.com\/sv\/produkt\/legacy-36-rosegold-perlon-beige\/\" \/>\n<meta property=\"og:site_name\" content=\"John Late\" \/>\n<meta property=\"og:image\" content=\"https:\/\/johnlate.com\/wp-content\/uploads\/2018\/07\/36mm-Product-Render5.jpg\" \/>\n\t<meta property=\"og:image:width\" content=\"1000\" \/>\n\t<meta property=\"og:image:height\" content=\"1400\" \/>\n\t<meta property=\"og:image:type\" content=\"image\/jpeg\" \/>\n<meta name=\"twitter:card\" content=\"summary_large_image\" \/>\n<script type=\"application\/ld+json\" class=\"yoast-schema-graph\">{\"@context\":\"https:\\\/\\\/schema.org\",\"@graph\":[{\"@type\":\"WebPage\",\"@id\":\"https:\\\/\\\/johnlate.com\\\/sv\\\/produkt\\\/legacy-36-rosegold-perlon-beige\\\/\",\"url\":\"https:\\\/\\\/johnlate.com\\\/sv\\\/produkt\\\/legacy-36-rosegold-perlon-beige\\\/\",\"name\":\"Legacy 36 Rose Gold Perlon Beige - John Late\",\"isPartOf\":{\"@id\":\"https:\\\/\\\/johnlate.com\\\/sv\\\/#website\"},\"primaryImageOfPage\":{\"@id\":\"https:\\\/\\\/johnlate.com\\\/sv\\\/produkt\\\/legacy-36-rosegold-perlon-beige\\\/#primaryimage\"},\"image\":{\"@id\":\"https:\\\/\\\/johnlate.com\\\/sv\\\/produkt\\\/legacy-36-rosegold-perlon-beige\\\/#primaryimage\"},\"thumbnailUrl\":\"https:\\\/\\\/johnlate.com\\\/wp-content\\\/uploads\\\/2018\\\/07\\\/36mm-Product-Render5.jpg\",\"datePublished\":\"2018-07-03T07:48:34+00:00\",\"breadcrumb\":{\"@id\":\"https:\\\/\\\/johnlate.com\\\/sv\\\/produkt\\\/legacy-36-rosegold-perlon-beige\\\/#breadcrumb\"},\"inLanguage\":\"sv-SE\",\"potentialAction\":[{\"@type\":\"ReadAction\",\"target\":[\"https:\\\/\\\/johnlate.com\\\/sv\\\/produkt\\\/legacy-36-rosegold-perlon-beige\\\/\"]}]},{\"@type\":\"ImageObject\",\"inLanguage\":\"sv-SE\",\"@id\":\"https:\\\/\\\/johnlate.com\\\/sv\\\/produkt\\\/legacy-36-rosegold-perlon-beige\\\/#primaryimage\",\"url\":\"https:\\\/\\\/johnlate.com\\\/wp-content\\\/uploads\\\/2018\\\/07\\\/36mm-Product-Render5.jpg\",\"contentUrl\":\"https:\\\/\\\/johnlate.com\\\/wp-content\\\/uploads\\\/2018\\\/07\\\/36mm-Product-Render5.jpg\",\"width\":1000,\"height\":1400},{\"@type\":\"BreadcrumbList\",\"@id\":\"https:\\\/\\\/johnlate.com\\\/sv\\\/produkt\\\/legacy-36-rosegold-perlon-beige\\\/#breadcrumb\",\"itemListElement\":[{\"@type\":\"ListItem\",\"position\":1,\"name\":\"Home\",\"item\":\"https:\\\/\\\/johnlate.com\\\/sv\\\/\"},{\"@type\":\"ListItem\",\"position\":2,\"name\":\"Shop\",\"item\":\"https:\\\/\\\/johnlate.com\\\/shop\\\/\"},{\"@type\":\"ListItem\",\"position\":3,\"name\":\"Legacy 36 Rose Gold Perlon Beige\"}]},{\"@type\":\"WebSite\",\"@id\":\"https:\\\/\\\/johnlate.com\\\/sv\\\/#website\",\"url\":\"https:\\\/\\\/johnlate.com\\\/sv\\\/\",\"name\":\"John Late\",\"description\":\"Elegance of today\",\"potentialAction\":[{\"@type\":\"SearchAction\",\"target\":{\"@type\":\"EntryPoint\",\"urlTemplate\":\"https:\\\/\\\/johnlate.com\\\/sv\\\/?s={search_term_string}\"},\"query-input\":{\"@type\":\"PropertyValueSpecification\",\"valueRequired\":true,\"valueName\":\"search_term_string\"}}],\"inLanguage\":\"sv-SE\"}]}<\/script>\n<!-- \/ Yoast SEO plugin. -->","yoast_head_json":{"title":"Legacy 36 Rose Gold Perlon Beige - John Late","robots":{"index":"index","follow":"follow","max-snippet":"max-snippet:-1","max-image-preview":"max-image-preview:large","max-video-preview":"max-video-preview:-1"},"canonical":"https:\/\/johnlate.com\/sv\/produkt\/legacy-36-rosegold-perlon-beige\/","og_locale":"sv_SE","og_type":"article","og_title":"Legacy 36 Rose Gold Perlon Beige - John Late","og_description":"John Late \u2013 Legacy Classic Rose Gold med ljus urtavla 36mm  Legacy-serien fr\u00e5n John Late tar den sofistikerade charmen till nya h\u00f6jder. Med sin raffinerade design har denna klocka b\u00e5de klassiska och moderna accenter och har ett ultratunt perlonband. Dess ros\u00e9guld-finish och safirf\u00f6nster g\u00f6r den till den perfekta f\u00f6ljeslagaren f\u00f6r ditt dagliga liv.","og_url":"https:\/\/johnlate.com\/sv\/produkt\/legacy-36-rosegold-perlon-beige\/","og_site_name":"John Late","og_image":[{"width":1000,"height":1400,"url":"https:\/\/johnlate.com\/wp-content\/uploads\/2018\/07\/36mm-Product-Render5.jpg","type":"image\/jpeg"}],"twitter_card":"summary_large_image","schema":{"@context":"https:\/\/schema.org","@graph":[{"@type":"WebPage","@id":"https:\/\/johnlate.com\/sv\/produkt\/legacy-36-rosegold-perlon-beige\/","url":"https:\/\/johnlate.com\/sv\/produkt\/legacy-36-rosegold-perlon-beige\/","name":"Legacy 36 Rose Gold Perlon Beige - John Late","isPartOf":{"@id":"https:\/\/johnlate.com\/sv\/#website"},"primaryImageOfPage":{"@id":"https:\/\/johnlate.com\/sv\/produkt\/legacy-36-rosegold-perlon-beige\/#primaryimage"},"image":{"@id":"https:\/\/johnlate.com\/sv\/produkt\/legacy-36-rosegold-perlon-beige\/#primaryimage"},"thumbnailUrl":"https:\/\/johnlate.com\/wp-content\/uploads\/2018\/07\/36mm-Product-Render5.jpg","datePublished":"2018-07-03T07:48:34+00:00","breadcrumb":{"@id":"https:\/\/johnlate.com\/sv\/produkt\/legacy-36-rosegold-perlon-beige\/#breadcrumb"},"inLanguage":"sv-SE","potentialAction":[{"@type":"ReadAction","target":["https:\/\/johnlate.com\/sv\/produkt\/legacy-36-rosegold-perlon-beige\/"]}]},{"@type":"ImageObject","inLanguage":"sv-SE","@id":"https:\/\/johnlate.com\/sv\/produkt\/legacy-36-rosegold-perlon-beige\/#primaryimage","url":"https:\/\/johnlate.com\/wp-content\/uploads\/2018\/07\/36mm-Product-Render5.jpg","contentUrl":"https:\/\/johnlate.com\/wp-content\/uploads\/2018\/07\/36mm-Product-Render5.jpg","width":1000,"height":1400},{"@type":"BreadcrumbList","@id":"https:\/\/johnlate.com\/sv\/produkt\/legacy-36-rosegold-perlon-beige\/#breadcrumb","itemListElement":[{"@type":"ListItem","position":1,"name":"Home","item":"https:\/\/johnlate.com\/sv\/"},{"@type":"ListItem","position":2,"name":"Shop","item":"https:\/\/johnlate.com\/shop\/"},{"@type":"ListItem","position":3,"name":"Legacy 36 Rose Gold Perlon Beige"}]},{"@type":"WebSite","@id":"https:\/\/johnlate.com\/sv\/#website","url":"https:\/\/johnlate.com\/sv\/","name":"John Late","description":"Elegance of today","potentialAction":[{"@type":"SearchAction","target":{"@type":"EntryPoint","urlTemplate":"https:\/\/johnlate.com\/sv\/?s={search_term_string}"},"query-input":{"@type":"PropertyValueSpecification","valueRequired":true,"valueName":"search_term_string"}}],"inLanguage":"sv-SE"}]}},"_links":{"self":[{"href":"https:\/\/johnlate.com\/sv\/wp-json\/wp\/v2\/product\/8296","targetHints":{"allow":["GET"]}}],"collection":[{"href":"https:\/\/johnlate.com\/sv\/wp-json\/wp\/v2\/product"}],"about":[{"href":"https:\/\/johnlate.com\/sv\/wp-json\/wp\/v2\/types\/product"}],"wp:featuredmedia":[{"embeddable":true,"href":"https:\/\/johnlate.com\/sv\/wp-json\/wp\/v2\/media\/11598"}],"wp:attachment":[{"href":"https:\/\/johnlate.com\/sv\/wp-json\/wp\/v2\/media?parent=8296"}],"wp:term":[{"taxonomy":"product_brand","embeddable":true,"href":"https:\/\/johnlate.com\/sv\/wp-json\/wp\/v2\/product_brand?post=8296"},{"taxonomy":"product_cat","embeddable":true,"href":"https:\/\/johnlate.com\/sv\/wp-json\/wp\/v2\/product_cat?post=8296"},{"taxonomy":"product_tag","embeddable":true,"href":"https:\/\/johnlate.com\/sv\/wp-json\/wp\/v2\/product_tag?post=8296"}],"curies":[{"name":"wp","href":"https:\/\/api.w.org\/{rel}","templated":true}]}}