{"id":8200,"date":"2018-07-04T21:23:28","date_gmt":"2018-07-04T21:23:28","guid":{"rendered":"http:\/\/new.johnlate.com\/?product=legacy-39-business-rose-perlon-marinbla"},"modified":"2018-07-04T21:23:28","modified_gmt":"2018-07-04T21:23:28","slug":"legacy-39-business-rose-perlon-marinbla","status":"publish","type":"product","link":"https:\/\/johnlate.com\/sv\/produkt\/legacy-39-business-rose-perlon-marinbla\/","title":{"rendered":"Legacy 39 Business Ros\u00e9 Perlon Marinbl\u00e5"},"content":{"rendered":"<ul>\n<li>Diameter 39mm<\/li>\n<li>Tjocklek 5.0mm<\/li>\n<li>Quartz Japan Movement<\/li>\n<li>Vattent\u00e5lig 5 ATM<\/li>\n<li>Klassiska John Late-visare<\/li>\n<li>Boett &#8211;\u00a0Ros\u00e9guld<\/li>\n<li>Svart urtavla<\/li>\n<li>Marinbl\u00e5 Perlonband 20mm<\/li>\n<li>Safirglas<\/li>\n<\/ul>\n","protected":false},"excerpt":{"rendered":"<p>John Late \u2013 Legacy Business Ros\u00e9 guld\u00a0med m\u00f6rk urtavla 39mm<\/p>\n<p>Legacy-serien fr\u00e5n John Late tar den sofistikerade charmen till nya h\u00f6jder. Med sin raffinerade design har denna klocka b\u00e5de klassiska och moderna accenter och har ett ultratunt perlonband. Dess ros\u00e9guld-finish och safirf\u00f6nster g\u00f6r den till den perfekta f\u00f6ljeslagaren f\u00f6r ditt dagliga liv.<\/p>\n","protected":false},"featured_media":11733,"template":"","meta":[],"product_brand":[],"product_cat":[147,155],"product_tag":[],"class_list":{"0":"post-8200","1":"product","2":"type-product","3":"status-publish","4":"has-post-thumbnail","6":"product_cat-39-perlon-kollektion","7":"product_cat-perlon-collection-sv","9":"first","10":"instock","11":"taxable","12":"shipping-taxable","13":"purchasable","14":"product-type-simple"},"yoast_head":"<!-- This site is optimized with the Yoast SEO plugin v27.5 - https:\/\/yoast.com\/product\/yoast-seo-wordpress\/ -->\n<title>Legacy 39 Business Ros\u00e9 Perlon Marinbl\u00e5 - John Late<\/title>\n<meta name=\"robots\" content=\"index, follow, max-snippet:-1, max-image-preview:large, max-video-preview:-1\" \/>\n<link rel=\"canonical\" href=\"https:\/\/johnlate.com\/sv\/produkt\/legacy-39-business-rose-perlon-marinbla\/\" \/>\n<meta property=\"og:locale\" content=\"sv_SE\" \/>\n<meta property=\"og:type\" content=\"article\" \/>\n<meta property=\"og:title\" content=\"Legacy 39 Business Ros\u00e9 Perlon Marinbl\u00e5 - John Late\" \/>\n<meta property=\"og:description\" content=\"John Late \u2013 Legacy Business Ros\u00e9 guld\u00a0med m\u00f6rk urtavla 39mm  Legacy-serien fr\u00e5n John Late tar den sofistikerade charmen till nya h\u00f6jder. Med sin raffinerade design har denna klocka b\u00e5de klassiska och moderna accenter och har ett ultratunt perlonband. Dess ros\u00e9guld-finish och safirf\u00f6nster g\u00f6r den till den perfekta f\u00f6ljeslagaren f\u00f6r ditt dagliga liv.\" \/>\n<meta property=\"og:url\" content=\"https:\/\/johnlate.com\/sv\/produkt\/legacy-39-business-rose-perlon-marinbla\/\" \/>\n<meta property=\"og:site_name\" content=\"John Late\" \/>\n<meta property=\"og:image\" content=\"https:\/\/johnlate.com\/wp-content\/uploads\/2018\/07\/39mm-Business-Perlon-Navy.jpg\" \/>\n\t<meta property=\"og:image:width\" content=\"1690\" \/>\n\t<meta property=\"og:image:height\" content=\"2365\" \/>\n\t<meta property=\"og:image:type\" content=\"image\/jpeg\" \/>\n<meta name=\"twitter:card\" content=\"summary_large_image\" \/>\n<script type=\"application\/ld+json\" class=\"yoast-schema-graph\">{\"@context\":\"https:\\\/\\\/schema.org\",\"@graph\":[{\"@type\":\"WebPage\",\"@id\":\"https:\\\/\\\/johnlate.com\\\/sv\\\/produkt\\\/legacy-39-business-rose-perlon-marinbla\\\/\",\"url\":\"https:\\\/\\\/johnlate.com\\\/sv\\\/produkt\\\/legacy-39-business-rose-perlon-marinbla\\\/\",\"name\":\"Legacy 39 Business Ros\u00e9 Perlon Marinbl\u00e5 - John Late\",\"isPartOf\":{\"@id\":\"https:\\\/\\\/johnlate.com\\\/sv\\\/#website\"},\"primaryImageOfPage\":{\"@id\":\"https:\\\/\\\/johnlate.com\\\/sv\\\/produkt\\\/legacy-39-business-rose-perlon-marinbla\\\/#primaryimage\"},\"image\":{\"@id\":\"https:\\\/\\\/johnlate.com\\\/sv\\\/produkt\\\/legacy-39-business-rose-perlon-marinbla\\\/#primaryimage\"},\"thumbnailUrl\":\"https:\\\/\\\/johnlate.com\\\/wp-content\\\/uploads\\\/2018\\\/07\\\/39mm-Business-Perlon-Navy.jpg\",\"datePublished\":\"2018-07-04T21:23:28+00:00\",\"breadcrumb\":{\"@id\":\"https:\\\/\\\/johnlate.com\\\/sv\\\/produkt\\\/legacy-39-business-rose-perlon-marinbla\\\/#breadcrumb\"},\"inLanguage\":\"sv-SE\",\"potentialAction\":[{\"@type\":\"ReadAction\",\"target\":[\"https:\\\/\\\/johnlate.com\\\/sv\\\/produkt\\\/legacy-39-business-rose-perlon-marinbla\\\/\"]}]},{\"@type\":\"ImageObject\",\"inLanguage\":\"sv-SE\",\"@id\":\"https:\\\/\\\/johnlate.com\\\/sv\\\/produkt\\\/legacy-39-business-rose-perlon-marinbla\\\/#primaryimage\",\"url\":\"https:\\\/\\\/johnlate.com\\\/wp-content\\\/uploads\\\/2018\\\/07\\\/39mm-Business-Perlon-Navy.jpg\",\"contentUrl\":\"https:\\\/\\\/johnlate.com\\\/wp-content\\\/uploads\\\/2018\\\/07\\\/39mm-Business-Perlon-Navy.jpg\",\"width\":1690,\"height\":2365},{\"@type\":\"BreadcrumbList\",\"@id\":\"https:\\\/\\\/johnlate.com\\\/sv\\\/produkt\\\/legacy-39-business-rose-perlon-marinbla\\\/#breadcrumb\",\"itemListElement\":[{\"@type\":\"ListItem\",\"position\":1,\"name\":\"Home\",\"item\":\"https:\\\/\\\/johnlate.com\\\/sv\\\/\"},{\"@type\":\"ListItem\",\"position\":2,\"name\":\"Shop\",\"item\":\"https:\\\/\\\/johnlate.com\\\/shop\\\/\"},{\"@type\":\"ListItem\",\"position\":3,\"name\":\"Legacy 39 Business Ros\u00e9 Perlon Marinbl\u00e5\"}]},{\"@type\":\"WebSite\",\"@id\":\"https:\\\/\\\/johnlate.com\\\/sv\\\/#website\",\"url\":\"https:\\\/\\\/johnlate.com\\\/sv\\\/\",\"name\":\"John Late\",\"description\":\"Elegance of today\",\"potentialAction\":[{\"@type\":\"SearchAction\",\"target\":{\"@type\":\"EntryPoint\",\"urlTemplate\":\"https:\\\/\\\/johnlate.com\\\/sv\\\/?s={search_term_string}\"},\"query-input\":{\"@type\":\"PropertyValueSpecification\",\"valueRequired\":true,\"valueName\":\"search_term_string\"}}],\"inLanguage\":\"sv-SE\"}]}<\/script>\n<!-- \/ Yoast SEO plugin. -->","yoast_head_json":{"title":"Legacy 39 Business Ros\u00e9 Perlon Marinbl\u00e5 - John Late","robots":{"index":"index","follow":"follow","max-snippet":"max-snippet:-1","max-image-preview":"max-image-preview:large","max-video-preview":"max-video-preview:-1"},"canonical":"https:\/\/johnlate.com\/sv\/produkt\/legacy-39-business-rose-perlon-marinbla\/","og_locale":"sv_SE","og_type":"article","og_title":"Legacy 39 Business Ros\u00e9 Perlon Marinbl\u00e5 - John Late","og_description":"John Late \u2013 Legacy Business Ros\u00e9 guld\u00a0med m\u00f6rk urtavla 39mm  Legacy-serien fr\u00e5n John Late tar den sofistikerade charmen till nya h\u00f6jder. Med sin raffinerade design har denna klocka b\u00e5de klassiska och moderna accenter och har ett ultratunt perlonband. Dess ros\u00e9guld-finish och safirf\u00f6nster g\u00f6r den till den perfekta f\u00f6ljeslagaren f\u00f6r ditt dagliga liv.","og_url":"https:\/\/johnlate.com\/sv\/produkt\/legacy-39-business-rose-perlon-marinbla\/","og_site_name":"John Late","og_image":[{"width":1690,"height":2365,"url":"https:\/\/johnlate.com\/wp-content\/uploads\/2018\/07\/39mm-Business-Perlon-Navy.jpg","type":"image\/jpeg"}],"twitter_card":"summary_large_image","schema":{"@context":"https:\/\/schema.org","@graph":[{"@type":"WebPage","@id":"https:\/\/johnlate.com\/sv\/produkt\/legacy-39-business-rose-perlon-marinbla\/","url":"https:\/\/johnlate.com\/sv\/produkt\/legacy-39-business-rose-perlon-marinbla\/","name":"Legacy 39 Business Ros\u00e9 Perlon Marinbl\u00e5 - John Late","isPartOf":{"@id":"https:\/\/johnlate.com\/sv\/#website"},"primaryImageOfPage":{"@id":"https:\/\/johnlate.com\/sv\/produkt\/legacy-39-business-rose-perlon-marinbla\/#primaryimage"},"image":{"@id":"https:\/\/johnlate.com\/sv\/produkt\/legacy-39-business-rose-perlon-marinbla\/#primaryimage"},"thumbnailUrl":"https:\/\/johnlate.com\/wp-content\/uploads\/2018\/07\/39mm-Business-Perlon-Navy.jpg","datePublished":"2018-07-04T21:23:28+00:00","breadcrumb":{"@id":"https:\/\/johnlate.com\/sv\/produkt\/legacy-39-business-rose-perlon-marinbla\/#breadcrumb"},"inLanguage":"sv-SE","potentialAction":[{"@type":"ReadAction","target":["https:\/\/johnlate.com\/sv\/produkt\/legacy-39-business-rose-perlon-marinbla\/"]}]},{"@type":"ImageObject","inLanguage":"sv-SE","@id":"https:\/\/johnlate.com\/sv\/produkt\/legacy-39-business-rose-perlon-marinbla\/#primaryimage","url":"https:\/\/johnlate.com\/wp-content\/uploads\/2018\/07\/39mm-Business-Perlon-Navy.jpg","contentUrl":"https:\/\/johnlate.com\/wp-content\/uploads\/2018\/07\/39mm-Business-Perlon-Navy.jpg","width":1690,"height":2365},{"@type":"BreadcrumbList","@id":"https:\/\/johnlate.com\/sv\/produkt\/legacy-39-business-rose-perlon-marinbla\/#breadcrumb","itemListElement":[{"@type":"ListItem","position":1,"name":"Home","item":"https:\/\/johnlate.com\/sv\/"},{"@type":"ListItem","position":2,"name":"Shop","item":"https:\/\/johnlate.com\/shop\/"},{"@type":"ListItem","position":3,"name":"Legacy 39 Business Ros\u00e9 Perlon Marinbl\u00e5"}]},{"@type":"WebSite","@id":"https:\/\/johnlate.com\/sv\/#website","url":"https:\/\/johnlate.com\/sv\/","name":"John Late","description":"Elegance of today","potentialAction":[{"@type":"SearchAction","target":{"@type":"EntryPoint","urlTemplate":"https:\/\/johnlate.com\/sv\/?s={search_term_string}"},"query-input":{"@type":"PropertyValueSpecification","valueRequired":true,"valueName":"search_term_string"}}],"inLanguage":"sv-SE"}]}},"_links":{"self":[{"href":"https:\/\/johnlate.com\/sv\/wp-json\/wp\/v2\/product\/8200","targetHints":{"allow":["GET"]}}],"collection":[{"href":"https:\/\/johnlate.com\/sv\/wp-json\/wp\/v2\/product"}],"about":[{"href":"https:\/\/johnlate.com\/sv\/wp-json\/wp\/v2\/types\/product"}],"wp:featuredmedia":[{"embeddable":true,"href":"https:\/\/johnlate.com\/sv\/wp-json\/wp\/v2\/media\/11733"}],"wp:attachment":[{"href":"https:\/\/johnlate.com\/sv\/wp-json\/wp\/v2\/media?parent=8200"}],"wp:term":[{"taxonomy":"product_brand","embeddable":true,"href":"https:\/\/johnlate.com\/sv\/wp-json\/wp\/v2\/product_brand?post=8200"},{"taxonomy":"product_cat","embeddable":true,"href":"https:\/\/johnlate.com\/sv\/wp-json\/wp\/v2\/product_cat?post=8200"},{"taxonomy":"product_tag","embeddable":true,"href":"https:\/\/johnlate.com\/sv\/wp-json\/wp\/v2\/product_tag?post=8200"}],"curies":[{"name":"wp","href":"https:\/\/api.w.org\/{rel}","templated":true}]}}