{"id":6284,"date":"2017-02-15T13:46:57","date_gmt":"2017-02-15T13:46:57","guid":{"rendered":"https:\/\/johnlate.com\/product\/legacy-39-silver\/"},"modified":"2023-06-06T20:54:21","modified_gmt":"2023-06-06T20:54:21","slug":"legacy-39-silver","status":"publish","type":"product","link":"https:\/\/johnlate.com\/no\/product\/legacy-39-silver\/","title":{"rendered":"Legacy 39 Business Silver"},"content":{"rendered":"<ul>\n<li>Storlek 39mm<\/li>\n<li>Tjocklek 5.0mm<\/li>\n<li>Quartz Japanese Movement<\/li>\n<li>Vattent\u00e5lig 5 ATM<\/li>\n<li>Klassiska John Late Visare<\/li>\n<li>Svart L\u00e4derband 20mm<\/li>\n<li>Saffirf\u00f6nster<\/li>\n<\/ul>\n","protected":false},"excerpt":{"rendered":"<p>John Late &#8211; Legacy Silver\u00a0med svart urtavla 39mm<\/p>\n<p>Legacy-serien fr\u00e5n John Late tar den sofistikerade charmen till nya h\u00f6jder. Med sin raffinerade design har denna klocka b\u00e5de klassiska och moderna accenter och har ett ultratunt l\u00e4derband. Dess silverfinish och safirf\u00f6nster g\u00f6r den till den perfekta f\u00f6ljeslagaren f\u00f6r ditt dagliga liv.<\/p>\n","protected":false},"featured_media":11671,"template":"","meta":[],"product_brand":[],"product_cat":[100],"product_tag":[],"class_list":{"0":"post-6284","1":"product","2":"type-product","3":"status-publish","4":"has-post-thumbnail","6":"product_cat-classic-legacy","8":"first","9":"instock","10":"taxable","11":"shipping-taxable","12":"purchasable","13":"product-type-simple"},"yoast_head":"<!-- This site is optimized with the Yoast SEO plugin v27.5 - https:\/\/yoast.com\/product\/yoast-seo-wordpress\/ -->\n<title>Legacy 39 Business Silver - John Late<\/title>\n<meta name=\"robots\" content=\"index, follow, max-snippet:-1, max-image-preview:large, max-video-preview:-1\" \/>\n<link rel=\"canonical\" href=\"https:\/\/johnlate.com\/no\/product\/legacy-39-silver\/\" \/>\n<meta property=\"og:locale\" content=\"nb_NO\" \/>\n<meta property=\"og:type\" content=\"article\" \/>\n<meta property=\"og:title\" content=\"Legacy 39 Business Silver - John Late\" \/>\n<meta property=\"og:description\" content=\"John Late - Legacy Silver\u00a0med svart urtavla 39mm  Legacy-serien fr\u00e5n John Late tar den sofistikerade charmen till nya h\u00f6jder. Med sin raffinerade design har denna klocka b\u00e5de klassiska och moderna accenter och har ett ultratunt l\u00e4derband. Dess silverfinish och safirf\u00f6nster g\u00f6r den till den perfekta f\u00f6ljeslagaren f\u00f6r ditt dagliga liv.\" \/>\n<meta property=\"og:url\" content=\"https:\/\/johnlate.com\/no\/product\/legacy-39-silver\/\" \/>\n<meta property=\"og:site_name\" content=\"John Late\" \/>\n<meta property=\"article:modified_time\" content=\"2023-06-06T20:54:21+00:00\" \/>\n<meta property=\"og:image\" content=\"https:\/\/johnlate.com\/wp-content\/uploads\/2018\/07\/39mm-BusinessClassic-Leather-Black.jpg\" \/>\n\t<meta property=\"og:image:width\" content=\"1690\" \/>\n\t<meta property=\"og:image:height\" content=\"2365\" \/>\n\t<meta property=\"og:image:type\" content=\"image\/jpeg\" \/>\n<meta name=\"twitter:card\" content=\"summary_large_image\" \/>\n<meta name=\"twitter:label1\" content=\"Ansl. lesetid\" \/>\n\t<meta name=\"twitter:data1\" content=\"1 minutt\" \/>\n<script type=\"application\/ld+json\" class=\"yoast-schema-graph\">{\"@context\":\"https:\\\/\\\/schema.org\",\"@graph\":[{\"@type\":\"WebPage\",\"@id\":\"https:\\\/\\\/johnlate.com\\\/no\\\/product\\\/legacy-39-silver\\\/\",\"url\":\"https:\\\/\\\/johnlate.com\\\/no\\\/product\\\/legacy-39-silver\\\/\",\"name\":\"Legacy 39 Business Silver - John Late\",\"isPartOf\":{\"@id\":\"https:\\\/\\\/johnlate.com\\\/no\\\/#website\"},\"primaryImageOfPage\":{\"@id\":\"https:\\\/\\\/johnlate.com\\\/no\\\/product\\\/legacy-39-silver\\\/#primaryimage\"},\"image\":{\"@id\":\"https:\\\/\\\/johnlate.com\\\/no\\\/product\\\/legacy-39-silver\\\/#primaryimage\"},\"thumbnailUrl\":\"https:\\\/\\\/johnlate.com\\\/wp-content\\\/uploads\\\/2018\\\/07\\\/39mm-BusinessClassic-Leather-Black.jpg\",\"datePublished\":\"2017-02-15T13:46:57+00:00\",\"dateModified\":\"2023-06-06T20:54:21+00:00\",\"breadcrumb\":{\"@id\":\"https:\\\/\\\/johnlate.com\\\/no\\\/product\\\/legacy-39-silver\\\/#breadcrumb\"},\"inLanguage\":\"nb-NO\",\"potentialAction\":[{\"@type\":\"ReadAction\",\"target\":[\"https:\\\/\\\/johnlate.com\\\/no\\\/product\\\/legacy-39-silver\\\/\"]}]},{\"@type\":\"ImageObject\",\"inLanguage\":\"nb-NO\",\"@id\":\"https:\\\/\\\/johnlate.com\\\/no\\\/product\\\/legacy-39-silver\\\/#primaryimage\",\"url\":\"https:\\\/\\\/johnlate.com\\\/wp-content\\\/uploads\\\/2018\\\/07\\\/39mm-BusinessClassic-Leather-Black.jpg\",\"contentUrl\":\"https:\\\/\\\/johnlate.com\\\/wp-content\\\/uploads\\\/2018\\\/07\\\/39mm-BusinessClassic-Leather-Black.jpg\",\"width\":1690,\"height\":2365},{\"@type\":\"BreadcrumbList\",\"@id\":\"https:\\\/\\\/johnlate.com\\\/no\\\/product\\\/legacy-39-silver\\\/#breadcrumb\",\"itemListElement\":[{\"@type\":\"ListItem\",\"position\":1,\"name\":\"Home\",\"item\":\"https:\\\/\\\/johnlate.com\\\/no\\\/\"},{\"@type\":\"ListItem\",\"position\":2,\"name\":\"Shop\",\"item\":\"https:\\\/\\\/johnlate.com\\\/shop\\\/\"},{\"@type\":\"ListItem\",\"position\":3,\"name\":\"Legacy 39 Business Silver\"}]},{\"@type\":\"WebSite\",\"@id\":\"https:\\\/\\\/johnlate.com\\\/no\\\/#website\",\"url\":\"https:\\\/\\\/johnlate.com\\\/no\\\/\",\"name\":\"John Late\",\"description\":\"Elegance of today\",\"potentialAction\":[{\"@type\":\"SearchAction\",\"target\":{\"@type\":\"EntryPoint\",\"urlTemplate\":\"https:\\\/\\\/johnlate.com\\\/no\\\/?s={search_term_string}\"},\"query-input\":{\"@type\":\"PropertyValueSpecification\",\"valueRequired\":true,\"valueName\":\"search_term_string\"}}],\"inLanguage\":\"nb-NO\"}]}<\/script>\n<!-- \/ Yoast SEO plugin. -->","yoast_head_json":{"title":"Legacy 39 Business Silver - John Late","robots":{"index":"index","follow":"follow","max-snippet":"max-snippet:-1","max-image-preview":"max-image-preview:large","max-video-preview":"max-video-preview:-1"},"canonical":"https:\/\/johnlate.com\/no\/product\/legacy-39-silver\/","og_locale":"nb_NO","og_type":"article","og_title":"Legacy 39 Business Silver - John Late","og_description":"John Late - Legacy Silver\u00a0med svart urtavla 39mm  Legacy-serien fr\u00e5n John Late tar den sofistikerade charmen till nya h\u00f6jder. Med sin raffinerade design har denna klocka b\u00e5de klassiska och moderna accenter och har ett ultratunt l\u00e4derband. Dess silverfinish och safirf\u00f6nster g\u00f6r den till den perfekta f\u00f6ljeslagaren f\u00f6r ditt dagliga liv.","og_url":"https:\/\/johnlate.com\/no\/product\/legacy-39-silver\/","og_site_name":"John Late","article_modified_time":"2023-06-06T20:54:21+00:00","og_image":[{"width":1690,"height":2365,"url":"https:\/\/johnlate.com\/wp-content\/uploads\/2018\/07\/39mm-BusinessClassic-Leather-Black.jpg","type":"image\/jpeg"}],"twitter_card":"summary_large_image","twitter_misc":{"Ansl. lesetid":"1 minutt"},"schema":{"@context":"https:\/\/schema.org","@graph":[{"@type":"WebPage","@id":"https:\/\/johnlate.com\/no\/product\/legacy-39-silver\/","url":"https:\/\/johnlate.com\/no\/product\/legacy-39-silver\/","name":"Legacy 39 Business Silver - John Late","isPartOf":{"@id":"https:\/\/johnlate.com\/no\/#website"},"primaryImageOfPage":{"@id":"https:\/\/johnlate.com\/no\/product\/legacy-39-silver\/#primaryimage"},"image":{"@id":"https:\/\/johnlate.com\/no\/product\/legacy-39-silver\/#primaryimage"},"thumbnailUrl":"https:\/\/johnlate.com\/wp-content\/uploads\/2018\/07\/39mm-BusinessClassic-Leather-Black.jpg","datePublished":"2017-02-15T13:46:57+00:00","dateModified":"2023-06-06T20:54:21+00:00","breadcrumb":{"@id":"https:\/\/johnlate.com\/no\/product\/legacy-39-silver\/#breadcrumb"},"inLanguage":"nb-NO","potentialAction":[{"@type":"ReadAction","target":["https:\/\/johnlate.com\/no\/product\/legacy-39-silver\/"]}]},{"@type":"ImageObject","inLanguage":"nb-NO","@id":"https:\/\/johnlate.com\/no\/product\/legacy-39-silver\/#primaryimage","url":"https:\/\/johnlate.com\/wp-content\/uploads\/2018\/07\/39mm-BusinessClassic-Leather-Black.jpg","contentUrl":"https:\/\/johnlate.com\/wp-content\/uploads\/2018\/07\/39mm-BusinessClassic-Leather-Black.jpg","width":1690,"height":2365},{"@type":"BreadcrumbList","@id":"https:\/\/johnlate.com\/no\/product\/legacy-39-silver\/#breadcrumb","itemListElement":[{"@type":"ListItem","position":1,"name":"Home","item":"https:\/\/johnlate.com\/no\/"},{"@type":"ListItem","position":2,"name":"Shop","item":"https:\/\/johnlate.com\/shop\/"},{"@type":"ListItem","position":3,"name":"Legacy 39 Business Silver"}]},{"@type":"WebSite","@id":"https:\/\/johnlate.com\/no\/#website","url":"https:\/\/johnlate.com\/no\/","name":"John Late","description":"Elegance of today","potentialAction":[{"@type":"SearchAction","target":{"@type":"EntryPoint","urlTemplate":"https:\/\/johnlate.com\/no\/?s={search_term_string}"},"query-input":{"@type":"PropertyValueSpecification","valueRequired":true,"valueName":"search_term_string"}}],"inLanguage":"nb-NO"}]}},"_links":{"self":[{"href":"https:\/\/johnlate.com\/no\/wp-json\/wp\/v2\/product\/6284","targetHints":{"allow":["GET"]}}],"collection":[{"href":"https:\/\/johnlate.com\/no\/wp-json\/wp\/v2\/product"}],"about":[{"href":"https:\/\/johnlate.com\/no\/wp-json\/wp\/v2\/types\/product"}],"wp:featuredmedia":[{"embeddable":true,"href":"https:\/\/johnlate.com\/no\/wp-json\/wp\/v2\/media\/11671"}],"wp:attachment":[{"href":"https:\/\/johnlate.com\/no\/wp-json\/wp\/v2\/media?parent=6284"}],"wp:term":[{"taxonomy":"product_brand","embeddable":true,"href":"https:\/\/johnlate.com\/no\/wp-json\/wp\/v2\/product_brand?post=6284"},{"taxonomy":"product_cat","embeddable":true,"href":"https:\/\/johnlate.com\/no\/wp-json\/wp\/v2\/product_cat?post=6284"},{"taxonomy":"product_tag","embeddable":true,"href":"https:\/\/johnlate.com\/no\/wp-json\/wp\/v2\/product_tag?post=6284"}],"curies":[{"name":"wp","href":"https:\/\/api.w.org\/{rel}","templated":true}]}}